{"id":90,"date":"2020-04-13T10:05:12","date_gmt":"2020-04-13T10:05:12","guid":{"rendered":"https:\/\/judoclubpozuelo.wordpress.com\/?page_id=90"},"modified":"2023-09-08T10:09:49","modified_gmt":"2023-09-08T10:09:49","slug":"el-club","status":"publish","type":"page","link":"http:\/\/www.judoclubpozuelo.es\/index.php\/el-club\/","title":{"rendered":"El club"},"content":{"rendered":"\t\t<div data-elementor-type=\"wp-page\" data-elementor-id=\"90\" class=\"elementor elementor-90\">\n\t\t\t\t\t\t<section class=\"elementor-section elementor-top-section elementor-element elementor-element-59e666e9 elementor-section-boxed elementor-section-height-default elementor-section-height-default\" data-id=\"59e666e9\" data-element_type=\"section\">\n\t\t\t\t\t\t<div class=\"elementor-container elementor-column-gap-default\">\n\t\t\t\t\t<div class=\"elementor-column elementor-col-100 elementor-top-column elementor-element elementor-element-622cdd8f\" data-id=\"622cdd8f\" data-element_type=\"column\">\n\t\t\t<div class=\"elementor-widget-wrap elementor-element-populated\">\n\t\t\t\t\t\t<div class=\"elementor-element elementor-element-1acf3900 elementor-widget elementor-widget-text-editor\" data-id=\"1acf3900\" data-element_type=\"widget\" data-widget_type=\"text-editor.default\">\n\t\t\t\t<div class=\"elementor-widget-container\">\n\t\t\t\t\t\t\t\t\t\n<p class=\"club-text\">El club data de los a\u00f1os 70 encuadrado en el Patronato municipal de deportes en Pozuelo de Alarc\u00f3n impartiendose las clases en el polideportivo el Torreon. En el a\u00f1o 2000 toma su actual denominaci\u00f3n Judo Club Pozuelo y pasa a ser club deportivo elemental\u00a0y en el 2014 las clases pasan a impartirse en el polideportivo Carlos Ruiz<\/p>\n\n<p class=\"club-text\">El maestro fundador de la escuela es Toshiyasu Uzawa Okamoto. Naci\u00f3 en Jap\u00f3n el 3 de enero de de 1936 en el barrio de Chiyoda, Tokio. En 1951, a la edad de 15 a\u00f1os, se inici\u00f3 en la disciplina del Judo bajo la tutela del maestro Koyasu, 5\u00ba Dan. En esos a\u00f1os la practica del Judo estaba prohibida en Jap\u00f3n debido a la ocupaci\u00f3n americana y se practicaba en tatamis clandestinos.<\/p>\n\n<figure class=\"wp-block-image size-large\"><img fetchpriority=\"high\" decoding=\"async\" width=\"1024\" height=\"726\" class=\"wp-image-125\" src=\"http:\/\/www.judoclubpozuelo.es\/wp-content\/uploads\/2020\/06\/foto1-1-1024x726.png\" alt=\"\" srcset=\"http:\/\/www.judoclubpozuelo.es\/wp-content\/uploads\/2020\/06\/foto1-1-1024x726.png 1024w, http:\/\/www.judoclubpozuelo.es\/wp-content\/uploads\/2020\/06\/foto1-1-300x213.png 300w, http:\/\/www.judoclubpozuelo.es\/wp-content\/uploads\/2020\/06\/foto1-1-768x545.png 768w, http:\/\/www.judoclubpozuelo.es\/wp-content\/uploads\/2020\/06\/foto1-1.png 1053w\" sizes=\"(max-width: 1024px) 100vw, 1024px\" \/><\/figure>\n\n<p class=\"club-text\">Con 18 a\u00f1os el maestro Uzawa entro a estudiar periodismo en la universidad de Meiji. A lo largo de su vida tuvo varios maestros de Judo entre ellos el maestro Kotany, discipulo directo de Jigoro Kano, fundador del Judo. Obtuvo el 8\u00ba Dan del judo Kodokan y el 9\u00ba Dan por la Real Federaci\u00f3n Espa\u00f1ola de Judo en 2012.<\/p>\n\n<p class=\"club-text\">En 2013 a los 78 a\u00f1os de edad fallece y dos de sus disc\u00edpulos, Vicente Picazo y Manuel Garc\u00eda, pareja subcampeones del mundo de Kata, toman las riendas del club.<\/p>\n\n<figure class=\"wp-block-image size-large\"><img decoding=\"async\" width=\"1024\" height=\"768\" class=\"wp-image-114\" src=\"http:\/\/www.judoclubpozuelo.es\/wp-content\/uploads\/2020\/06\/dsc00144-1024x768.jpg\" alt=\"\" srcset=\"http:\/\/www.judoclubpozuelo.es\/wp-content\/uploads\/2020\/06\/dsc00144-1024x768.jpg 1024w, http:\/\/www.judoclubpozuelo.es\/wp-content\/uploads\/2020\/06\/dsc00144-300x225.jpg 300w, http:\/\/www.judoclubpozuelo.es\/wp-content\/uploads\/2020\/06\/dsc00144-768x576.jpg 768w, http:\/\/www.judoclubpozuelo.es\/wp-content\/uploads\/2020\/06\/dsc00144-1200x900.jpg 1200w, http:\/\/www.judoclubpozuelo.es\/wp-content\/uploads\/2020\/06\/dsc00144.jpg 1440w\" sizes=\"(max-width: 1024px) 100vw, 1024px\" \/><\/figure>\n\n<p class=\"club-text\">A lo largo de su historia el club a participado en competiciones nacionales mostrando gran actividad y resultados en las \u00faltimas temporadas.<\/p>\n\n<figure class=\"wp-block-image size-large\"><img decoding=\"async\" class=\"wp-image-180\" src=\"https:\/\/judoclubpozuelo.files.wordpress.com\/2020\/04\/p1070434-1.jpg?w=1024\" alt=\"\" \/><\/figure>\n\n<div class=\"wp-block-spacer\" style=\"height: 123px;\" aria-hidden=\"true\">\u00a0<\/div>\n\n<div class=\"wp-block-columns alignwide has-3-columns is-layout-flex wp-container-core-columns-is-layout-9d6595d7 wp-block-columns-is-layout-flex\">\n<div class=\"wp-block-column is-layout-flow wp-block-column-is-layout-flow\"><div class=\"wp-block-image is-style-rounded\">\n<figure class=\"aligncenter size-large is-resized\"><img decoding=\"async\" class=\"wp-image-109\" style=\"width: 347px; height: 326px;\" src=\"http:\/\/www.judoclubpozuelo.es\/wp-content\/uploads\/2020\/06\/cara_manolo.png\" alt=\"\" width=\"347\" height=\"326\" srcset=\"http:\/\/www.judoclubpozuelo.es\/wp-content\/uploads\/2020\/06\/cara_manolo.png 778w, http:\/\/www.judoclubpozuelo.es\/wp-content\/uploads\/2020\/06\/cara_manolo-300x281.png 300w, http:\/\/www.judoclubpozuelo.es\/wp-content\/uploads\/2020\/06\/cara_manolo-768x721.png 768w\" sizes=\"(max-width: 347px) 100vw, 347px\" \/><\/figure><\/div>\n<h4 class=\"wp-block-heading has-text-align-center\">Manuel Garc\u00eda<\/h4>\n\n<p class=\"has-text-align-center has-small-font-size\">Maestro, 8\u00ba Dan, subcampe\u00f3n del mundo de Kata.<\/p>\n<\/div>\n\n<div class=\"wp-block-column is-layout-flow wp-block-column-is-layout-flow\"><div class=\"wp-block-image is-style-rounded\">\n<figure class=\"aligncenter size-large is-resized\"><img loading=\"lazy\" decoding=\"async\" class=\"wp-image-110\" style=\"width: 342px; height: 326px;\" src=\"http:\/\/www.judoclubpozuelo.es\/wp-content\/uploads\/2020\/06\/cara_vicente.png\" alt=\"\" width=\"342\" height=\"326\" srcset=\"http:\/\/www.judoclubpozuelo.es\/wp-content\/uploads\/2020\/06\/cara_vicente.png 780w, http:\/\/www.judoclubpozuelo.es\/wp-content\/uploads\/2020\/06\/cara_vicente-300x287.png 300w, http:\/\/www.judoclubpozuelo.es\/wp-content\/uploads\/2020\/06\/cara_vicente-768x735.png 768w\" sizes=\"(max-width: 342px) 100vw, 342px\" \/><\/figure><\/div>\n<h4 class=\"wp-block-heading has-text-align-center\">Vicente Picazo<\/h4>\n\n<p class=\"has-text-align-center has-small-font-size\">Maestro, 8\u00ba Dan, subcampe\u00f3n del mundo de Kata.<\/p>\n<\/div>\n<\/div>\n\n<div class=\"wp-block-column is-layout-flow wp-block-column-is-layout-flow\"><div class=\"wp-block-image is-style-rounded\">\n<figure class=\"aligncenter size-large is-resized\"><img loading=\"lazy\" decoding=\"async\" class=\"alignnone wp-image-370 size-medium\" style=\"width: 348px; height: 338px;\" src=\"http:\/\/www.judoclubpozuelo.es\/wp-content\/uploads\/2023\/09\/pexels-rdne-stock-project-8612041-300x200.jpg\" alt=\"\" width=\"300\" height=\"200\" srcset=\"http:\/\/www.judoclubpozuelo.es\/wp-content\/uploads\/2023\/09\/pexels-rdne-stock-project-8612041-300x200.jpg 300w, http:\/\/www.judoclubpozuelo.es\/wp-content\/uploads\/2023\/09\/pexels-rdne-stock-project-8612041-1024x683.jpg 1024w, http:\/\/www.judoclubpozuelo.es\/wp-content\/uploads\/2023\/09\/pexels-rdne-stock-project-8612041-768x512.jpg 768w, http:\/\/www.judoclubpozuelo.es\/wp-content\/uploads\/2023\/09\/pexels-rdne-stock-project-8612041-1536x1024.jpg 1536w, http:\/\/www.judoclubpozuelo.es\/wp-content\/uploads\/2023\/09\/pexels-rdne-stock-project-8612041-2048x1365.jpg 2048w\" sizes=\"(max-width: 300px) 100vw, 300px\" \/><\/figure><\/div>\n<h4 class=\"wp-block-heading has-text-align-center\">Javier So\u00f1ora<\/h4>\n\n<p class=\"has-text-align-center has-small-font-size\">Profesor, 2\u00ba Dan<\/p>\n<\/div>\n<\/div>\n\t\t\t\t\t\t\t\t<\/div>\n\t\t\t\t<\/div>\n\t\t\t\t\t<\/div>\n\t\t<\/div>\n\t\t\t\t\t<\/div>\n\t\t<\/section>\n\t\t\n<div class=\"wp-block-columns alignwide has-3-columns is-layout-flex wp-container-core-columns-is-layout-9d6595d7 wp-block-columns-is-layout-flex\">\n<div class=\"wp-block-column is-layout-flow wp-block-column-is-layout-flow\"><div class=\"wp-block-image is-style-rounded\">\n<figure class=\"aligncenter size-large is-resized\"><img loading=\"lazy\" decoding=\"async\" class=\"alignnone wp-image-368 size-medium\" style=\"width: 345px; height: 345px;\" src=\"http:\/\/www.judoclubpozuelo.es\/wp-content\/uploads\/2023\/09\/pexels-artem-podrez-6253308-300x169.jpg\" alt=\"\" width=\"300\" height=\"169\" srcset=\"http:\/\/www.judoclubpozuelo.es\/wp-content\/uploads\/2023\/09\/pexels-artem-podrez-6253308-300x169.jpg 300w, http:\/\/www.judoclubpozuelo.es\/wp-content\/uploads\/2023\/09\/pexels-artem-podrez-6253308-1024x576.jpg 1024w, http:\/\/www.judoclubpozuelo.es\/wp-content\/uploads\/2023\/09\/pexels-artem-podrez-6253308-768x432.jpg 768w, http:\/\/www.judoclubpozuelo.es\/wp-content\/uploads\/2023\/09\/pexels-artem-podrez-6253308-1536x864.jpg 1536w, http:\/\/www.judoclubpozuelo.es\/wp-content\/uploads\/2023\/09\/pexels-artem-podrez-6253308-2048x1152.jpg 2048w\" sizes=\"(max-width: 300px) 100vw, 300px\" \/><\/figure><\/div>\n<h4 class=\"wp-block-heading has-text-align-center\">Javier O\u00f1ate<\/h4>\n\n<p class=\"has-text-align-center has-small-font-size\">Profesor, 4\u00ba Dan<\/p>\n<\/div>\n<!-- wp:column -->\n<div class=\"wp-block-column\"><!-- wp:image {\"align\":\"center\",\"id\":108,\"width\":348,\"height\":338,\"sizeSlug\":\"large\",\"className\":\"is-style-rounded\"} -->\n<figure class=\"wp-block-image aligncenter size-large is-resized is-style-rounded\"><img loading=\"lazy\" decoding=\"async\" class=\"alignnone wp-image-370 size-medium\" style=\"width: 348px; height: 338px;\" src=\"http:\/\/www.judoclubpozuelo.es\/wp-content\/uploads\/2023\/09\/pexels-rdne-stock-project-8612041-300x200.jpg\" alt=\"\" width=\"300\" height=\"200\" srcset=\"http:\/\/www.judoclubpozuelo.es\/wp-content\/uploads\/2023\/09\/pexels-rdne-stock-project-8612041-300x200.jpg 300w, http:\/\/www.judoclubpozuelo.es\/wp-content\/uploads\/2023\/09\/pexels-rdne-stock-project-8612041-1024x683.jpg 1024w, http:\/\/www.judoclubpozuelo.es\/wp-content\/uploads\/2023\/09\/pexels-rdne-stock-project-8612041-768x512.jpg 768w, http:\/\/www.judoclubpozuelo.es\/wp-content\/uploads\/2023\/09\/pexels-rdne-stock-project-8612041-1536x1024.jpg 1536w, http:\/\/www.judoclubpozuelo.es\/wp-content\/uploads\/2023\/09\/pexels-rdne-stock-project-8612041-2048x1365.jpg 2048w\" sizes=\"(max-width: 300px) 100vw, 300px\" \/><\/figure>\n<!-- \/wp:image --><!-- wp:heading {\"textAlign\":\"center\",\"level\":4} -->\n<h4 class=\"wp-block-heading has-text-align-center\">Javier So\u00f1ora<\/h4>\n<!-- \/wp:heading --><!-- wp:paragraph {\"align\":\"center\",\"fontSize\":\"small\"} -->\n<p class=\"has-text-align-center has-small-font-size\">Profesor, 2\u00ba Dan<\/p>\n<\/div>\n<\/div>\n<!-- \/wp:paragraph -->\t\t\t\t\t\t\t\t<\/div>\n\t\t\t\t<\/div>\n\t\t\t\t\t<\/div>\n\t\t<\/div>\n\t\t\t\t\t<\/div>\n\t\t<\/section>\n\t\t\t\t<\/div>\n\t\t","protected":false},"excerpt":{"rendered":"<p>El club data de los a\u00f1os 70 encuadrado en el Patronato municipal de deportes en Pozuelo de Alarc\u00f3n impartiendose las clases en<\/p>\n<p class=\"link-more\"><a class=\"myButt \" href=\"http:\/\/www.judoclubpozuelo.es\/index.php\/el-club\/\">Leer m\u00e1s<\/a><\/p>\n","protected":false},"author":1,"featured_media":0,"parent":0,"menu_order":0,"comment_status":"closed","ping_status":"closed","template":"","meta":{"footnotes":""},"class_list":["post-90","page","type-page","status-publish","hentry"],"aioseo_notices":[],"_links":{"self":[{"href":"http:\/\/www.judoclubpozuelo.es\/index.php\/wp-json\/wp\/v2\/pages\/90","targetHints":{"allow":["GET"]}}],"collection":[{"href":"http:\/\/www.judoclubpozuelo.es\/index.php\/wp-json\/wp\/v2\/pages"}],"about":[{"href":"http:\/\/www.judoclubpozuelo.es\/index.php\/wp-json\/wp\/v2\/types\/page"}],"author":[{"embeddable":true,"href":"http:\/\/www.judoclubpozuelo.es\/index.php\/wp-json\/wp\/v2\/users\/1"}],"replies":[{"embeddable":true,"href":"http:\/\/www.judoclubpozuelo.es\/index.php\/wp-json\/wp\/v2\/comments?post=90"}],"version-history":[{"count":13,"href":"http:\/\/www.judoclubpozuelo.es\/index.php\/wp-json\/wp\/v2\/pages\/90\/revisions"}],"predecessor-version":[{"id":25258,"href":"http:\/\/www.judoclubpozuelo.es\/index.php\/wp-json\/wp\/v2\/pages\/90\/revisions\/25258"}],"wp:attachment":[{"href":"http:\/\/www.judoclubpozuelo.es\/index.php\/wp-json\/wp\/v2\/media?parent=90"}],"curies":[{"name":"wp","href":"https:\/\/api.w.org\/{rel}","templated":true}]}}