{"id":32,"date":"2020-04-13T10:05:09","date_gmt":"2020-04-13T10:05:09","guid":{"rendered":"https:\/\/judoclubpozuelo.wordpress.com\/?page_id=32"},"modified":"2020-06-18T10:46:13","modified_gmt":"2020-06-18T10:46:13","slug":"contacto","status":"publish","type":"page","link":"http:\/\/www.judoclubpozuelo.es\/index.php\/contacto\/","title":{"rendered":"Contacto"},"content":{"rendered":"\n<p style=\"font-size:20px;text-align:center;\">Escribenos o llamanos para pedir informaci\u00f3n o realizar cualquier consulta. Estamos encantados de hablar contigo.<\/p>\n\n\n\n<div style=\"height:32px\" aria-hidden=\"true\" class=\"wp-block-spacer desktop-only\"><\/div>\n\n\n\n<div class=\"wp-block-columns alignwide has-2-columns is-layout-flex wp-container-core-columns-is-layout-9d6595d7 wp-block-columns-is-layout-flex\">\n<div class=\"wp-block-column is-layout-flow wp-block-column-is-layout-flow\">\n<h3 class=\"has-text-align-left wp-block-heading\">Informaci\u00f3n de contacto<\/h3>\n\n\n\n<div style=\"height:20px\" aria-hidden=\"true\" class=\"wp-block-spacer\"><\/div>\n\n\n\n<div class=\"wp-block-jetpack-contact-info\">\n\n<h4 class=\"wp-block-heading\">Direcci\u00f3n del aula<\/h4>\n\n\n<div class=\"wp-block-jetpack-address\"><a href=\"https:\/\/www.google.com\/maps\/search\/Polideportivo+Carlos Ruiz,Avenida de Italia, 3,+Pozuelo de Alarc\u00f3n,+Madrid,+28224+Espa\u00f1a\" target=\"_blank\" rel=\"noopener noreferrer\" title=\"Abrir direcci\u00f3n en Google Maps\"><div class=\"jetpack-address__address jetpack-address__address1\">Polideportivo Carlos Ruiz<\/div><div class=\"jetpack-address__address jetpack-address__address2\">Avenida de Italia, 3<\/div><div><span class=\"jetpack-address__city\">Pozuelo de Alarc\u00f3n<\/span>, <span class=\"jetpack-address__region\">Madrid<\/span> <span class=\"jetpack-address__postal\">28224<\/span><\/div><div class=\"jetpack-address__country\">Espa\u00f1a<\/div><\/a><\/div>\n\n\n<div style=\"height:29px;\" aria-hidden=\"true\" class=\"wp-block-spacer\"><\/div>\n\n\n<h4 class=\"wp-block-heading\">Correo del club<\/h4>\n\n\n<div class=\"wp-block-jetpack-email\"><a href=\"mailto:judoclubpozuelo@gmail.com\">judoclubpozuelo@gmail.com<\/a><\/div>\n\n\n<div style=\"height:28px;\" aria-hidden=\"true\" class=\"wp-block-spacer\"><\/div>\n\n\n<h4 class=\"wp-block-heading\">Tel\u00e9fono de contacto y wasap<\/h4>\n\n\n<div class=\"wp-block-jetpack-phone\"><span class=\"phone-prefix\">+ <\/span><a href=\"tel:34670390620\">34 670 39 06 20 Rafa (WhatsApp)<\/a><\/div>\n\n\n<p>+ 34 626 92 36 74 Javier<\/p>\n\n\n<br>\n\n\n<br>\n\n<\/div>\n\n\n\n<br>\n<\/div>\n\n\n\n<div class=\"wp-block-column is-layout-flow wp-block-column-is-layout-flow\">\n<h3 class=\"has-text-align-left wp-block-heading\">Escr\u00edbenos un mensaje<\/h3>\n\n\n\n\n<div class=\"wpcf7 no-js\" id=\"wpcf7-f214-o1\" lang=\"es-ES\" dir=\"ltr\" data-wpcf7-id=\"214\">\n<div class=\"screen-reader-response\"><p role=\"status\" aria-live=\"polite\" aria-atomic=\"true\"><\/p> <ul><\/ul><\/div>\n<form action=\"\/index.php\/wp-json\/wp\/v2\/pages\/32#wpcf7-f214-o1\" method=\"post\" class=\"wpcf7-form init\" aria-label=\"Formulario de contacto\" novalidate=\"novalidate\" data-status=\"init\">\n<fieldset class=\"hidden-fields-container\"><input type=\"hidden\" name=\"_wpcf7\" value=\"214\" \/><input type=\"hidden\" name=\"_wpcf7_version\" value=\"6.1.1\" \/><input type=\"hidden\" name=\"_wpcf7_locale\" value=\"es_ES\" \/><input type=\"hidden\" name=\"_wpcf7_unit_tag\" value=\"wpcf7-f214-o1\" \/><input type=\"hidden\" name=\"_wpcf7_container_post\" value=\"0\" \/><input type=\"hidden\" name=\"_wpcf7_posted_data_hash\" value=\"\" \/>\n<\/fieldset>\n<p><label> Tu nombre (obligatorio)<br \/>\n<span class=\"wpcf7-form-control-wrap\" data-name=\"your-name\"><input size=\"40\" maxlength=\"400\" class=\"wpcf7-form-control wpcf7-text wpcf7-validates-as-required\" aria-required=\"true\" aria-invalid=\"false\" value=\"\" type=\"text\" name=\"your-name\" \/><\/span> <\/label>\n<\/p>\n<p><label> Tu correo electr\u00f3nico (obligatorio)<br \/>\n<span class=\"wpcf7-form-control-wrap\" data-name=\"your-email\"><input size=\"40\" maxlength=\"400\" class=\"wpcf7-form-control wpcf7-email wpcf7-validates-as-required wpcf7-text wpcf7-validates-as-email\" aria-required=\"true\" aria-invalid=\"false\" value=\"\" type=\"email\" name=\"your-email\" \/><\/span> <\/label>\n<\/p>\n<p><label> Asunto<br \/>\n<span class=\"wpcf7-form-control-wrap\" data-name=\"your-subject\"><input size=\"40\" maxlength=\"400\" class=\"wpcf7-form-control wpcf7-text\" aria-invalid=\"false\" value=\"\" type=\"text\" name=\"your-subject\" \/><\/span> <\/label>\n<\/p>\n<p><label> Tu mensaje<br \/>\n<span class=\"wpcf7-form-control-wrap\" data-name=\"your-message\"><textarea cols=\"40\" rows=\"10\" maxlength=\"2000\" class=\"wpcf7-form-control wpcf7-textarea\" aria-invalid=\"false\" name=\"your-message\"><\/textarea><\/span> <\/label>\n<\/p>\n<p><input class=\"wpcf7-form-control wpcf7-submit has-spinner\" type=\"submit\" value=\"Enviar\" \/>\n<\/p><p style=\"display: none !important;\" class=\"akismet-fields-container\" data-prefix=\"_wpcf7_ak_\"><label>&#916;<textarea name=\"_wpcf7_ak_hp_textarea\" cols=\"45\" rows=\"8\" maxlength=\"100\"><\/textarea><\/label><input type=\"hidden\" id=\"ak_js_1\" name=\"_wpcf7_ak_js\" value=\"115\"\/><script>document.getElementById( \"ak_js_1\" ).setAttribute( \"value\", ( new Date() ).getTime() );<\/script><\/p><div class=\"wpcf7-response-output\" aria-hidden=\"true\"><\/div>\n<\/form>\n<\/div>\n\n<\/div>\n<\/div>\n\n\n\n<br>\n","protected":false},"excerpt":{"rendered":"<p>Escribenos o llamanos para pedir informaci\u00f3n o realizar cualquier consulta. Estamos encantados de hablar contigo. Informaci\u00f3n de contacto Escr\u00edbenos un mensaje<\/p>\n","protected":false},"author":1,"featured_media":0,"parent":0,"menu_order":0,"comment_status":"closed","ping_status":"closed","template":"","meta":{"footnotes":""},"class_list":["post-32","page","type-page","status-publish","hentry"],"aioseo_notices":[],"_links":{"self":[{"href":"http:\/\/www.judoclubpozuelo.es\/index.php\/wp-json\/wp\/v2\/pages\/32","targetHints":{"allow":["GET"]}}],"collection":[{"href":"http:\/\/www.judoclubpozuelo.es\/index.php\/wp-json\/wp\/v2\/pages"}],"about":[{"href":"http:\/\/www.judoclubpozuelo.es\/index.php\/wp-json\/wp\/v2\/types\/page"}],"author":[{"embeddable":true,"href":"http:\/\/www.judoclubpozuelo.es\/index.php\/wp-json\/wp\/v2\/users\/1"}],"replies":[{"embeddable":true,"href":"http:\/\/www.judoclubpozuelo.es\/index.php\/wp-json\/wp\/v2\/comments?post=32"}],"version-history":[{"count":4,"href":"http:\/\/www.judoclubpozuelo.es\/index.php\/wp-json\/wp\/v2\/pages\/32\/revisions"}],"predecessor-version":[{"id":215,"href":"http:\/\/www.judoclubpozuelo.es\/index.php\/wp-json\/wp\/v2\/pages\/32\/revisions\/215"}],"wp:attachment":[{"href":"http:\/\/www.judoclubpozuelo.es\/index.php\/wp-json\/wp\/v2\/media?parent=32"}],"curies":[{"name":"wp","href":"https:\/\/api.w.org\/{rel}","templated":true}]}}